{"id":2,"date":"2020-01-16T16:25:33","date_gmt":"2020-01-16T16:25:33","guid":{"rendered":"http:\/\/knxmwvkqm.cyon.link\/?page_id=2"},"modified":"2024-01-22T08:51:27","modified_gmt":"2024-01-22T08:51:27","slug":"home","status":"publish","type":"page","link":"https:\/\/losvr.ch\/en\/","title":{"rendered":""},"content":{"rendered":"\n<div class=\"wp-block-group\"><div class=\"wp-block-group__inner-container is-layout-flow wp-block-group-is-layout-flow\">\n<figure class=\"wp-block-video\">\n    \n    <video controls src=\"https:\/\/losvr.ch\/wp-content\/uploads\/2024\/01\/GO-TEASER-ENGLISH-small.mp4\"><\/video>\n    \n    \n<\/figure>\n\n<\/div><\/div>\n\n\n\n<div class=\"wp-block-columns is-layout-flex wp-container-core-columns-is-layout-9d6595d7 wp-block-columns-is-layout-flex\">\n<div class=\"wp-block-column is-layout-flow wp-block-column-is-layout-flow\" style=\"flex-basis:66.66%\">\n<div class=\"wp-block-columns is-layout-flex wp-container-core-columns-is-layout-9d6595d7 wp-block-columns-is-layout-flex\">\n<div class=\"wp-block-column is-layout-flow wp-block-column-is-layout-flow\" style=\"flex-basis:100%\">\n<p class=\"has-text-color\" style=\"color:#000000;font-size:18px\">Auf seiner Suche nach Halt bricht Peter Thaler zu einer Wanderung in die Schweizer Berge auf, von der er nicht mehr zur\u00fcckkehren wird.<\/p>\n\n\n\n<p class=\"has-text-color\" style=\"color:#000000;font-size:18px\">Beruhend auf einer wahren Begebenheit erz\u00e4hlt \u00abLOS\u00bb vom Abschiednehmen, dem allt\u00e4glichen und dem endg\u00fcltigen, und \u00f6ffnet einen Spalt weit die T\u00fcr zur Ewigkeit.<\/p>\n\n\n\n<p class=\"has-text-color\" style=\"color:#000000;font-size:18px\">Aus einer bisher nicht dagewesenen Symbiose von Literatur und Virtual Reality entsteht eine g\u00e4nzlich neue literarische Erfahrung, in der die Teilnehmenden viel mehr als zu Augenzeugen eines H\u00f6rbuchs werden.<\/p>\n\n\n\n\n\n<p class=\"has-text-color\" style=\"color:#000000;font-size:18px\">Laufzeit: 25 min<\/p>\n\n\n\n<p class=\"has-text-color\" style=\"color:#000000;font-size:18px\">Sprachversionen: Deutsch, Englisch, Franz\u00f6sisch, Mandarin<\/p>\n\n\n\n<p class=\"has-text-color\" style=\"color:#000000;font-size:18px\">Auff\u00fchrungen: Literaturh\u00e4user, Schulen, Festivals, Theater, Bibliotheken, Kunstmuseen, Buchhandlungen, Privatanl\u00e4sse<\/p>\n\n\n\n<p class=\"has-text-align-left has-text-color\" style=\"color:#000000;font-size:18px\"><\/p>\n<\/div>\n\n\n\n<div class=\"wp-block-column is-layout-flow wp-block-column-is-layout-flow\" style=\"flex-basis:12.5%\">\n<p><\/p>\n<\/div>\n<\/div>\n\n\n\n<p><\/p>\n<\/div>\n\n\n\n<div class=\"wp-block-column is-layout-flow wp-block-column-is-layout-flow\" style=\"flex-basis:44.4%\">\n<p class=\"has-text-color\" style=\"color:#000000\"><!-- EventON Calendar --><div id='evcal_calendar_756' class='list_cal ajde_evcal_calendar sev cev color esty_2 ul etttc_custom ' data-cal=''><div id='evcal_head' class='calendar_header evcal_nosort' ><div class='evo_cal_above evodfx evofx_dr_r marb5 evofx_ww'><button class='cal_head_btn evo-gototoday-btn' style='' data-mo='4' data-yr='2026' data-dy='' aria-label='Go to today'>Aktueller Monat<\/button><\/div><div class='evo_cal_above_content'><\/div><div class='evo_header_title right'><\/div><\/div><div class='evo_filter_bar evo_main_filter_bar eventon_sorting_section '><div class='evo_filter_container evodfx evo_fx_ai_c'><div class='evo_filter_container_in'><div class='eventon_filter_line' ><div class='evo_loading_bar_holder h100 loading_filters swipe' style='min-height:30px;'><div class='nesthold r g10'><div class='evo_loading_bar wid_100% hi_30px' style='width:100%; height:30px; margin-bottom:1px;'><\/div><div class='evo_loading_bar wid_100% hi_30px' style='width:100%; height:30px; margin-bottom:1px;'><\/div><div class='evo_loading_bar wid_100% hi_30px' style='width:100%; height:30px; margin-bottom:1px;'><\/div><div class='evo_loading_bar wid_100% hi_30px' style='width:100%; height:30px; margin-bottom:1px;'><\/div><div class='evo_loading_bar wid_100% hi_30px' style='width:100%; height:30px; margin-bottom:1px;'><\/div><\/div><\/div><\/div><\/div><div class='evo_filter_nav evo_filter_l'><i class='fa fa-chevron-left'><\/i><\/div><div class='evo_filter_nav evo_filter_r'><i class='fa fa-chevron-right'><\/i><\/div><\/div><div class='evo_filter_aply_btns'><\/div><div class='evo_filter_menu'><\/div><\/div><div id='eventon_loadbar_section'><div id='eventon_loadbar'><\/div><\/div><!-- Events List --><div class='evo_events_list_box'><div id='evcal_list' class='eventon_events_list sep_months evcal_list_month'><div class='eventon_list_event no_events'><p class='no_events' >No Events<\/p><\/div>\t\t\t<\/div>\r\n\t\t\t<\/div><!-- evo_events_list_box -->\t\r\n\t\t\t<div class='clear'><\/div>\r\n\t\t\t\t\t \t<div id='evcal_footer' class='evo_bottom' style='display:none'>\r\n\t\t \t\t<div class='evo_cal_data' data-sc=\"{&quot;accord&quot;:&quot;no&quot;,&quot;bottom_nav&quot;:&quot;no&quot;,&quot;cal_id&quot;:&quot;&quot;,&quot;cal_init_nonajax&quot;:&quot;no&quot;,&quot;calendar_type&quot;:&quot;list&quot;,&quot;ep_fields&quot;:&quot;&quot;,&quot;etc_override&quot;:&quot;no&quot;,&quot;evc_open&quot;:&quot;no&quot;,&quot;event_count&quot;:0,&quot;event_location&quot;:&quot;all&quot;,&quot;event_order&quot;:&quot;ASC&quot;,&quot;event_organizer&quot;:&quot;all&quot;,&quot;event_parts&quot;:&quot;no&quot;,&quot;event_past_future&quot;:&quot;all&quot;,&quot;event_status&quot;:&quot;all&quot;,&quot;event_tag&quot;:&quot;all&quot;,&quot;event_type&quot;:&quot;all&quot;,&quot;event_type_2&quot;:&quot;all&quot;,&quot;event_virtual&quot;:&quot;all&quot;,&quot;eventtop_date_style&quot;:0,&quot;eventtop_style&quot;:2,&quot;exp_jumper&quot;:&quot;no&quot;,&quot;exp_so&quot;:&quot;no&quot;,&quot;filter_relationship&quot;:&quot;AND&quot;,&quot;filter_show_set_only&quot;:&quot;no&quot;,&quot;filter_style&quot;:&quot;default&quot;,&quot;filter_type&quot;:&quot;default&quot;,&quot;filters&quot;:&quot;yes&quot;,&quot;fixed_month&quot;:&quot;4&quot;,&quot;fixed_year&quot;:&quot;2026&quot;,&quot;focus_end_date_range&quot;:&quot;1782903599&quot;,&quot;focus_start_date_range&quot;:&quot;1775041200&quot;,&quot;ft_event_priority&quot;:&quot;no&quot;,&quot;hide_arrows&quot;:&quot;no&quot;,&quot;hide_cancels&quot;:&quot;no&quot;,&quot;hide_empty_months&quot;:&quot;yes&quot;,&quot;hide_end_time&quot;:&quot;no&quot;,&quot;hide_et_dn&quot;:&quot;no&quot;,&quot;hide_et_extra&quot;:&quot;no&quot;,&quot;hide_et_tags&quot;:&quot;no&quot;,&quot;hide_et_tl&quot;:&quot;no&quot;,&quot;hide_ft&quot;:&quot;no&quot;,&quot;hide_ft_img&quot;:&quot;no&quot;,&quot;hide_month_headers&quot;:&quot;no&quot;,&quot;hide_mult_occur&quot;:&quot;no&quot;,&quot;hide_past&quot;:&quot;no&quot;,&quot;hide_past_by&quot;:&quot;ee&quot;,&quot;hide_so&quot;:&quot;no&quot;,&quot;ics&quot;:&quot;no&quot;,&quot;jumper&quot;:&quot;no&quot;,&quot;jumper_count&quot;:5,&quot;jumper_offset&quot;:&quot;0&quot;,&quot;lang&quot;:&quot;L2&quot;,&quot;layout_changer&quot;:&quot;no&quot;,&quot;livenow_bar&quot;:&quot;yes&quot;,&quot;mapformat&quot;:&quot;roadmap&quot;,&quot;mapiconurl&quot;:&quot;&quot;,&quot;maps_load&quot;:&quot;yes&quot;,&quot;mapscroll&quot;:&quot;true&quot;,&quot;mapzoom&quot;:&quot;18&quot;,&quot;members_only&quot;:&quot;no&quot;,&quot;ml_priority&quot;:&quot;no&quot;,&quot;ml_toend&quot;:&quot;no&quot;,&quot;month_incre&quot;:0,&quot;number_of_months&quot;:&quot;3&quot;,&quot;only_ft&quot;:&quot;no&quot;,&quot;pec&quot;:&quot;&quot;,&quot;s&quot;:&quot;&quot;,&quot;search&quot;:&quot;&quot;,&quot;search_all&quot;:&quot;no&quot;,&quot;sep_month&quot;:&quot;yes&quot;,&quot;show_et_ft_img&quot;:&quot;no&quot;,&quot;show_limit&quot;:&quot;no&quot;,&quot;show_limit_ajax&quot;:&quot;no&quot;,&quot;show_limit_paged&quot;:1,&quot;show_limit_redir&quot;:&quot;&quot;,&quot;show_repeats&quot;:&quot;no&quot;,&quot;show_search&quot;:&quot;no&quot;,&quot;show_upcoming&quot;:0,&quot;show_year&quot;:&quot;no&quot;,&quot;social_share&quot;:&quot;no&quot;,&quot;sort_by&quot;:&quot;sort_date&quot;,&quot;tile_bg&quot;:0,&quot;tile_bg_size&quot;:&quot;full&quot;,&quot;tile_count&quot;:2,&quot;tile_height&quot;:0,&quot;tile_style&quot;:0,&quot;tiles&quot;:&quot;no&quot;,&quot;ux_val&quot;:&quot;0&quot;,&quot;view_switcher&quot;:&quot;no&quot;,&quot;wpml_l1&quot;:&quot;&quot;,&quot;wpml_l2&quot;:&quot;&quot;,&quot;wpml_l3&quot;:&quot;&quot;,&quot;x_ids&quot;:&quot;&quot;,&quot;yl_priority&quot;:&quot;no&quot;,&quot;yl_toend&quot;:&quot;no&quot;,&quot;0&quot;:&quot;add_eventon&quot;,&quot;fixed_day&quot;:&quot;26&quot;,&quot;_cver&quot;:&quot;5.0.5&quot;}\" data-filter_data=\"{&quot;event_location&quot;:{&quot;__name&quot;:&quot;Ort&quot;,&quot;__tax&quot;:&quot;event_location&quot;,&quot;__filter_type&quot;:&quot;tax&quot;,&quot;__def_val&quot;:[&quot;all&quot;],&quot;__invals&quot;:[&quot;all&quot;],&quot;__notvals&quot;:[],&quot;__list&quot;:{&quot;all&quot;:[&quot;all&quot;,&quot;alles&quot;],&quot;berlinale&quot;:[11,&quot;Berlinale&quot;,false,&quot;y&quot;,&quot;&quot;],&quot;china-science-and-technology-museum&quot;:[13,&quot;China Science and Technology Museum&quot;,false,&quot;y&quot;,&quot;&quot;],&quot;forum-des-halles&quot;:[12,&quot;Forum des Halles&quot;,false,&quot;y&quot;,&quot;&quot;],&quot;ghoete-institut-peking&quot;:[18,&quot;Ghoete Institut Peking&quot;,false,&quot;y&quot;,&quot;&quot;],&quot;goethe-institut-peking&quot;:[22,&quot;Goethe Institut Peking&quot;,false,&quot;y&quot;,&quot;&quot;],&quot;hotel-miramar&quot;:[10,&quot;Hotel Miramar&quot;,false,&quot;y&quot;,&quot;&quot;],&quot;jihlava-verschiedene-orte&quot;:[21,&quot;Jihlava (verschiedene Orte)&quot;,false,&quot;y&quot;,&quot;&quot;],&quot;literaturhaus-berlin&quot;:[19,&quot;Literaturhaus Berlin&quot;,false,&quot;y&quot;,&quot;&quot;],&quot;nyon&quot;:[5,&quot;Nyon&quot;,false,&quot;y&quot;,&quot;&quot;],&quot;nyopn-test&quot;:[7,&quot;Nyopn - TEST&quot;,false,&quot;y&quot;,&quot;&quot;],&quot;park-city&quot;:[4,&quot;Park City&quot;,false,&quot;y&quot;,&quot;&quot;],&quot;prag-verschiedene-orte&quot;:[20,&quot;Prag (verschiedene Orte)&quot;,false,&quot;y&quot;,&quot;&quot;],&quot;taipei&quot;:[6,&quot;Taipei&quot;,false,&quot;y&quot;,&quot;&quot;],&quot;the-ray&quot;:[9,&quot;The Ray&quot;,false,&quot;y&quot;,&quot;&quot;],&quot;vision-du-reel&quot;:[8,&quot;Vision du R\\u00e9el&quot;,false,&quot;y&quot;,&quot;&quot;]},&quot;nterms&quot;:[&quot;all&quot;],&quot;tterms&quot;:[&quot;all&quot;],&quot;terms&quot;:[&quot;all&quot;]},&quot;event_tag&quot;:{&quot;__tax&quot;:&quot;event_tag&quot;,&quot;__filter_type&quot;:&quot;custom&quot;,&quot;__def_val&quot;:[&quot;all&quot;],&quot;__invals&quot;:[&quot;all&quot;],&quot;__notvals&quot;:[],&quot;nterms&quot;:[&quot;all&quot;],&quot;tterms&quot;:[&quot;all&quot;],&quot;terms&quot;:[&quot;all&quot;]},&quot;event_past_future&quot;:{&quot;__tax&quot;:&quot;event_past_future&quot;,&quot;__filter_type&quot;:&quot;custom&quot;,&quot;__def_val&quot;:&quot;all&quot;,&quot;__invals&quot;:[&quot;all&quot;],&quot;__notvals&quot;:[],&quot;__name&quot;:&quot;Past and Future Events&quot;,&quot;__list&quot;:{&quot;all&quot;:[&quot;all&quot;,&quot;alles&quot;],&quot;past&quot;:[&quot;past&quot;,&quot;Nur vergangene Events&quot;],&quot;future&quot;:[&quot;future&quot;,&quot;Nur zuk\\u00fcnftige Events&quot;]},&quot;nterms&quot;:&quot;all&quot;,&quot;tterms&quot;:&quot;all&quot;,&quot;terms&quot;:&quot;all&quot;}}\" data-nav_data=\"{&quot;month_title&quot;:&quot;&lt;p id=&#039;evcal_cur&#039; class=&#039;evo_month_title padr10&#039;&gt; April&lt;\\\/p&gt;&quot;,&quot;arrows&quot;:&quot;&lt;p class=&#039;evo_arrows&#039;&gt;\\r\\n\\t\\t\\t\\t\\t&lt;button id=&#039;evcal_prev&#039; class=&#039;evcal_arrows evcal_btn_prev evodfx evofx_jc_c evofx_ai_c&#039; aria-label=&#039;Previous Month&#039;&gt;&lt;i class=&#039;fa fa-chevron-left&#039; aria-hidden=&#039;true&#039;&gt;&lt;\\\/i&gt;&lt;\\\/button&gt;\\r\\n\\t\\t\\t\\t\\t&lt;button id=&#039;evcal_next&#039; class=&#039;evcal_arrows evo_arrow_next evcal_btn_next evodfx evofx_jc_c evofx_ai_c&#039; aria-label=&#039;Next Month&#039;&gt;&lt;i class=&#039;fa fa-chevron-right&#039; aria-hidden=&#039;true&#039;&gt;&lt;\\\/i&gt;&lt;\\\/button&gt;\\r\\n\\t\\t\\t\\t\\t&lt;\\\/p&gt;&quot;}\" data-od=\"{&quot;lang_no_events&quot;:&quot;No Events&quot;,&quot;cal_tz_offset&quot;:-660,&quot;cal_tz&quot;:&quot;Pacific\\\/Midway&quot;}\" ><\/div>\r\n\t\t \t\t<div class='evo_cal_events' data-events=\"\"><\/div>\r\n\t\t \t<\/div>\r\n\t\t\t\t\r\n\t\t\t\r\n\t\t\t\t\t\t<\/div><!-- EventON End -->\r\n\t\t\t<\/p>\n\n\n\n<div style=\"height:119px\" aria-hidden=\"true\" class=\"wp-block-spacer\"><\/div>\n\n\n\n<ul class=\"wp-block-social-links is-layout-flex wp-block-social-links-is-layout-flex\"><li class=\"wp-social-link wp-social-link-facebook  wp-block-social-link\"><a href=\"https:\/\/www.facebook.com\/losvr.ch\/\" class=\"wp-block-social-link-anchor\"><svg width=\"24\" height=\"24\" viewBox=\"0 0 24 24\" version=\"1.1\" xmlns=\"http:\/\/www.w3.org\/2000\/svg\" aria-hidden=\"true\" focusable=\"false\"><path d=\"M12 2C6.5 2 2 6.5 2 12c0 5 3.7 9.1 8.4 9.9v-7H7.9V12h2.5V9.8c0-2.5 1.5-3.9 3.8-3.9 1.1 0 2.2.2 2.2.2v2.5h-1.3c-1.2 0-1.6.8-1.6 1.6V12h2.8l-.4 2.9h-2.3v7C18.3 21.1 22 17 22 12c0-5.5-4.5-10-10-10z\"><\/path><\/svg><span class=\"wp-block-social-link-label screen-reader-text\">Facebook<\/span><\/a><\/li>\n\n<li class=\"wp-social-link wp-social-link-twitter  wp-block-social-link\"><a href=\"https:\/\/twitter.com\/vr_los\" class=\"wp-block-social-link-anchor\"><svg width=\"24\" height=\"24\" viewBox=\"0 0 24 24\" version=\"1.1\" xmlns=\"http:\/\/www.w3.org\/2000\/svg\" aria-hidden=\"true\" focusable=\"false\"><path d=\"M22.23,5.924c-0.736,0.326-1.527,0.547-2.357,0.646c0.847-0.508,1.498-1.312,1.804-2.27 c-0.793,0.47-1.671,0.812-2.606,0.996C18.324,4.498,17.257,4,16.077,4c-2.266,0-4.103,1.837-4.103,4.103 c0,0.322,0.036,0.635,0.106,0.935C8.67,8.867,5.647,7.234,3.623,4.751C3.27,5.357,3.067,6.062,3.067,6.814 c0,1.424,0.724,2.679,1.825,3.415c-0.673-0.021-1.305-0.206-1.859-0.513c0,0.017,0,0.034,0,0.052c0,1.988,1.414,3.647,3.292,4.023 c-0.344,0.094-0.707,0.144-1.081,0.144c-0.264,0-0.521-0.026-0.772-0.074c0.522,1.63,2.038,2.816,3.833,2.85 c-1.404,1.1-3.174,1.756-5.096,1.756c-0.331,0-0.658-0.019-0.979-0.057c1.816,1.164,3.973,1.843,6.29,1.843 c7.547,0,11.675-6.252,11.675-11.675c0-0.178-0.004-0.355-0.012-0.531C20.985,7.47,21.68,6.747,22.23,5.924z\"><\/path><\/svg><span class=\"wp-block-social-link-label screen-reader-text\">Twitter<\/span><\/a><\/li>\n\n\n\n\n\n\n\n<\/ul>\n<\/div>\n<\/div>\n\n\n\n<p><\/p>\n","protected":false},"excerpt":{"rendered":"<p>Auf seiner Suche nach Halt bricht Peter Thaler zu einer Wanderung in die Schweizer Berge auf, von der er nicht mehr zur\u00fcckkehren wird. Beruhend auf einer wahren Begebenheit erz\u00e4hlt \u00abLOS\u00bb vom Abschiednehmen, dem allt\u00e4glichen und dem endg\u00fcltigen, und \u00f6ffnet einen Spalt weit die T\u00fcr zur Ewigkeit. Aus einer bisher nicht dagewesenen Symbiose von Literatur und [&hellip;]<\/p>\n","protected":false},"author":3,"featured_media":0,"parent":0,"menu_order":0,"comment_status":"closed","ping_status":"closed","template":"page_full-width.php","meta":{"wp_typography_post_enhancements_disabled":false,"footnotes":""},"class_list":["post-2","page","type-page","status-publish","hentry"],"_links":{"self":[{"href":"https:\/\/losvr.ch\/en\/wp-json\/wp\/v2\/pages\/2","targetHints":{"allow":["GET"]}}],"collection":[{"href":"https:\/\/losvr.ch\/en\/wp-json\/wp\/v2\/pages"}],"about":[{"href":"https:\/\/losvr.ch\/en\/wp-json\/wp\/v2\/types\/page"}],"author":[{"embeddable":true,"href":"https:\/\/losvr.ch\/en\/wp-json\/wp\/v2\/users\/3"}],"replies":[{"embeddable":true,"href":"https:\/\/losvr.ch\/en\/wp-json\/wp\/v2\/comments?post=2"}],"version-history":[{"count":0,"href":"https:\/\/losvr.ch\/en\/wp-json\/wp\/v2\/pages\/2\/revisions"}],"wp:attachment":[{"href":"https:\/\/losvr.ch\/en\/wp-json\/wp\/v2\/media?parent=2"}],"curies":[{"name":"wp","href":"https:\/\/api.w.org\/{rel}","templated":true}]}}