{"id":3215,"date":"2023-01-04T10:09:48","date_gmt":"2023-01-04T10:09:48","guid":{"rendered":"https:\/\/losvr.ch\/?page_id=3215"},"modified":"2023-01-04T10:12:16","modified_gmt":"2023-01-04T10:12:16","slug":"impressum","status":"publish","type":"page","link":"https:\/\/losvr.ch\/en\/impressum\/","title":{"rendered":"Impres\u00adsum"},"content":{"rendered":"<p>Mon\u00adtezu\u00adma AG<br>Nord\u00adstrasse 237<br>CH-8037 Z\u00fcrich<br>Switzer\u00adland<\/p>\n\n\n\n<p>UID: CHE-340.496.347<\/p>\n\n\n\n<p>Mail: info@montezuma-film.ch<br>Tele\u00adfon: 079 589 03 76<br><br>Gesch\u00e4fts\u00adf\u00fchrung:<br>San\u00addro Zollinger<\/p>\n\n\n\n<p>Haf\u00adtung\u00adsh\u00adin\u00adweis: Trotz sorgf\u00e4ltiger inhaltlich\u00ader Kon\u00adtrolle \u00fcbernehmen wir keine Haf\u00adtung f\u00fcr die Inhalte extern\u00ader Links. F\u00fcr den Inhalt der ver\u00adlink\u00adten Seit\u00aden sind auss\u00adchlie\u00dflich deren Betreiber ver\u00adant\u00adwortlich.<\/p>\n\n\n\n<p>Urhe\u00adber- Namens- und Marken\u00adrechte: Alle Inhalte unser\u00ader Web\u00adseit\u00aden und Pro\u00adjek\u00adte sind urhe\u00adber\u00adrechtlich gesch\u00fctzt und nur zum per\u00ads\u00f6n\u00adlichen Gebrauch bes\u00adtimmt. Alle Namen und Marken sind Eigen\u00adtum des jew\u00adeili\u00adgen Inhab\u00aders und eben\u00adfalls gesch\u00fctzt.<\/p>\n\n\n\n<p>Die Nutzung und Vervielf\u00e4l\u00adti\u00adgung von Infor\u00adma\u00adtio\u00adnen und Dat\u00aden im Ganzen oder in Teilen, ins\u00adbeson\u00addere die Ver\u00adwen\u00addung von Tex\u00adten, Text\u00adteilen oder Bildern und Illus\u00adtra\u00adtio\u00adnen, bedarf der vorheri\u00adgen schriftlichen Zus\u00adtim\u00admung durch den jew\u00adeili\u00adgen Urhe\u00adber.<\/p>\n\n\n\n<p>\u00a9 Mon\u00adtezu\u00adma AG<\/p>","protected":false},"excerpt":{"rendered":"<p>Montezuma AGNordstrasse 237CH-8037 Z\u00fcrichSwitzerland UID: CHE-340.496.347 Mail: info@montezuma-film.chTelefon: 079 589 03 76 Gesch\u00e4ftsf\u00fchrung:Sandro Zollinger Haftungshinweis: Trotz sorgf\u00e4ltiger inhaltlicher Kontrolle \u00fcbernehmen wir keine Haftung f\u00fcr die Inhalte externer Links. F\u00fcr den Inhalt der verlinkten Seiten sind ausschlie\u00dflich deren Betreiber verantwortlich. Urheber- Namens- und Markenrechte: Alle Inhalte unserer Webseiten und Projekte sind urheberrechtlich gesch\u00fctzt und nur zum [&hellip;]<\/p>\n","protected":false},"author":3,"featured_media":0,"parent":0,"menu_order":0,"comment_status":"closed","ping_status":"closed","template":"","meta":{"wp_typography_post_enhancements_disabled":false,"footnotes":""},"class_list":["post-3215","page","type-page","status-publish","hentry"],"_links":{"self":[{"href":"https:\/\/losvr.ch\/en\/wp-json\/wp\/v2\/pages\/3215","targetHints":{"allow":["GET"]}}],"collection":[{"href":"https:\/\/losvr.ch\/en\/wp-json\/wp\/v2\/pages"}],"about":[{"href":"https:\/\/losvr.ch\/en\/wp-json\/wp\/v2\/types\/page"}],"author":[{"embeddable":true,"href":"https:\/\/losvr.ch\/en\/wp-json\/wp\/v2\/users\/3"}],"replies":[{"embeddable":true,"href":"https:\/\/losvr.ch\/en\/wp-json\/wp\/v2\/comments?post=3215"}],"version-history":[{"count":0,"href":"https:\/\/losvr.ch\/en\/wp-json\/wp\/v2\/pages\/3215\/revisions"}],"wp:attachment":[{"href":"https:\/\/losvr.ch\/en\/wp-json\/wp\/v2\/media?parent=3215"}],"curies":[{"name":"wp","href":"https:\/\/api.w.org\/{rel}","templated":true}]}}