{"id":453,"date":"2020-05-24T13:26:43","date_gmt":"2020-05-24T13:26:43","guid":{"rendered":"http:\/\/knxmwvkqm.cyon.link\/?page_id=453"},"modified":"2022-05-03T08:01:10","modified_gmt":"2022-05-03T08:01:10","slug":"inhalt","status":"publish","type":"page","link":"https:\/\/losvr.ch\/en\/inhalt\/","title":{"rendered":"SUMMARY"},"content":{"rendered":"<div class=\"wp-block-cover alignwide is-light\"><span aria-hidden=\"true\" class=\"has-background-dim-0 wp-block-cover__gradient-background has-background-dim\"><\/span><img loading=\"lazy\" decoding=\"async\" width=\"1920\" height=\"1080\" class=\"wp-block-cover__image-background wp-image-790\" src=\"http:\/\/losvr.ch\/wp-content\/uploads\/2020\/05\/LESUNG.jpg\" style=\"object-position:50% 54%\" data-object-fit=\"cover\" data-object-position=\"50% 54%\" srcset=\"https:\/\/losvr.ch\/wp-content\/uploads\/2020\/05\/LESUNG.jpg 1920w, https:\/\/losvr.ch\/wp-content\/uploads\/2020\/05\/LESUNG-300x169.jpg 300w, https:\/\/losvr.ch\/wp-content\/uploads\/2020\/05\/LESUNG-1024x576.jpg 1024w, https:\/\/losvr.ch\/wp-content\/uploads\/2020\/05\/LESUNG-768x432.jpg 768w, https:\/\/losvr.ch\/wp-content\/uploads\/2020\/05\/LESUNG-1536x864.jpg 1536w\" sizes=\"auto, (max-width: 980px) 100vw, 980px\"><div class=\"wp-block-cover__inner-container is-layout-flow wp-block-cover-is-layout-flow\">\n<p class=\"has-text-align-center has-large-font-size\"><\/p>\n<\/div><\/div>\n\n\n\n<div style=\"height:55px\" aria-hidden=\"true\" class=\"wp-block-spacer\"><\/div>\n\n\n\n<p style=\"font-size:18px\">\u201cGO\u201d is a <strong>ground\u00adbreak\u00ading sym\u00adbio\u00adsis of lit\u00ader\u00ada\u00adture and vir\u00adtu\u00adal real\u00adi\u00adty<\/strong>a dif\u00adfer\u00adent kind of read\u00ading by Klaus Merz, one of the most famous Swiss writ\u00aders <strong>.<\/strong> Through the joint atten\u00adtion direct\u00aded at both the lit\u00ader\u00adary text and the vir\u00adtu\u00adal space, a com\u00adplete\u00adly nov\u00adel dimen\u00adsion in the nar\u00adra\u00adtion emerges in which the \naudi\u00adence will become more than just a \u2018lis\u00adten\u00ading spec\u00adta\u00adtor\u2019 and more than a sim\u00adple <strong>eye\u00adwit\u00adness to an audio\u00adbook<\/strong> .<\/p>\n\n\n\n<p style=\"font-size:18px\">The sto\u00adry of this mov\u00ading vir\u00adtu\u00adal real\u00adi\u00adty expe\u00adri\u00adence is based on the epony\u00admous book by Klaus Merz. The excerpts \u2013 read by the author him\u00adself \u2013 are joined togeth\u00ader in the vir\u00adtu\u00adal space to tell the sto\u00adry of Peter Thaler who sets out on a moun\u00adtain hike in a quest for inner sta\u00adbil\u00adi\u00adty. A mis\u00adstep in a snow\u00adstorm leads to an \nacci\u00addent in which he breaks his ankle. Lying immo\u00adbi\u00adlized in the soft snow, his inter\u00adnal mono\u00adlogue turns into <strong>an argu\u00adment that tran\u00adscends his inevitable fate<\/strong> .<\/p>\n\n\n\n<p style=\"font-size:18px\">Through these events, \u201cGO\u201d address\u00ades issues of every\u00adday and ulti\u00admate tran\u00adsience, loss and mor\u00adtal\u00adi\u00adty, while <strong>a lib\u00ader\u00adat\u00ading view of life.<\/strong> Although the sto\u00adry begins by stat\u00ading the out\u00adcome \u2013 the silent but sig\u00adnif\u00adi\u00adcant dis\u00adap\u00adpear\u00adance of Peter Thaler \u2013 the nar\u00adra\u00adtive arc nev\u00ader\u00adthe\u00adless cre\u00adates a ten\u00adsion that esca\u00adlates towards a height\u00adened, yet equal\u00adly more open under\u00adstand\u00ading.<\/p>\n\n\n\n<p style=\"font-size:18px\">GO\u201d merges <strong>the old\u00adest with the most recent nar\u00adra\u00adtive form<\/strong> o cre\u00adate a stand-alone, nov\u00adel expe\u00adri\u00adence. San\u00addro Zollinger select\u00aded and rearranged twelve unal\u00adtered pas\u00adsages from the 2005 novel\u00adla \u201cLOS\u201d, which tells an entire life sto\u00adry in con\u00adcise, haunt\u00ading prose. Thus, they have suc\u00adceed\u00aded in fur\u00adther dis\u00adtill\u00ading the work of an author, cel\u00ade\u00adbrat\u00aded as a crafts\u00adman of fine\u00adly tuned pre\u00adci\u00adsion, by about nine tenths with\u00adout, how\u00adev\u00ader, alter\u00ading its core.<\/p>\n\n\n\n<p style=\"font-size:18px\">This dou\u00adbly con\u00addensed <strong>nar\u00adra\u00adtive essence<\/strong>is then sent on an impres\u00adsive jour\u00adney through a vir\u00adtu\u00adal world. The world of \u201cGO\u201d tells its sto\u00adry by cre\u00adat\u00ading haunt\u00ading moods, trig\u00adger\u00ading feel\u00adings with mere sug\u00adges\u00adtions and repeat\u00aded\u00adly imply\u00ading fur\u00adther con\u00adno\u00adta\u00adtions. The 25-minute vir\u00adtu\u00adal real\u00adi\u00adty expe\u00adri\u00adence thus suc\u00adceeds in expand\u00ading the ambi\u00adgu\u00adi\u00adty of lit\u00ader\u00ada\u00adture, match\u00ading it with effec\u00adtive imagery, while steer\u00ading clear of cheap gim\u00admick\u00adry and sim\u00adplis\u00adtic illus\u00adtra\u00adtions.<\/p>\n\n\n\n<p style=\"font-size:18px\">GO\u201d man\u00adages to find <strong>a bal\u00adance between the imag\u00adi\u00adnary world sparked by the text and the over\u00adwhelm\u00ading pow\u00ader of VR<\/strong> in order to tell <strong>a sto\u00adry that has not yet been told.<\/strong><\/p>\n\n\n\n<div style=\"height:52px\" aria-hidden=\"true\" class=\"wp-block-spacer\"><\/div>\n\n\n\n<div class=\"wp-block-cover alignwide is-light\"><span aria-hidden=\"true\" class=\"has-background-dim-0 wp-block-cover__gradient-background has-background-dim\"><\/span><img loading=\"lazy\" decoding=\"async\" width=\"1920\" height=\"1080\" class=\"wp-block-cover__image-background wp-image-785\" src=\"http:\/\/losvr.ch\/wp-content\/uploads\/2020\/05\/LOS_Stills_Chat_ENG_1920.jpg\" style=\"object-position:57% 67%\" data-object-fit=\"cover\" data-object-position=\"57% 67%\" srcset=\"https:\/\/losvr.ch\/wp-content\/uploads\/2020\/05\/LOS_Stills_Chat_ENG_1920.jpg 1920w, https:\/\/losvr.ch\/wp-content\/uploads\/2020\/05\/LOS_Stills_Chat_ENG_1920-300x169.jpg 300w, https:\/\/losvr.ch\/wp-content\/uploads\/2020\/05\/LOS_Stills_Chat_ENG_1920-1024x576.jpg 1024w, https:\/\/losvr.ch\/wp-content\/uploads\/2020\/05\/LOS_Stills_Chat_ENG_1920-768x432.jpg 768w, https:\/\/losvr.ch\/wp-content\/uploads\/2020\/05\/LOS_Stills_Chat_ENG_1920-1536x864.jpg 1536w\" sizes=\"auto, (max-width: 980px) 100vw, 980px\"><div class=\"wp-block-cover__inner-container is-layout-flow wp-block-cover-is-layout-flow\">\n<p class=\"has-text-align-center has-large-font-size\"><\/p>\n<\/div><\/div>\n\n\n\n<div style=\"height:20px\" aria-hidden=\"true\" class=\"wp-block-spacer\"><\/div>\n\n\n\n<p style=\"font-size:18px\"><em>\u00abNir\u00adgends f\u00fchlt er sich so gut aufge\u00adhoben wie in der Eisen\u00adbahn.\u00bb<\/em><\/p>\n\n\n\n\n\n<div class=\"wp-block-cover alignwide is-light\"><span aria-hidden=\"true\" class=\"has-background-dim-0 wp-block-cover__gradient-background has-background-dim\"><\/span><img loading=\"lazy\" decoding=\"async\" width=\"1920\" height=\"1080\" class=\"wp-block-cover__image-background wp-image-781\" src=\"http:\/\/losvr.ch\/wp-content\/uploads\/2020\/05\/SCHNEE.jpg\" style=\"object-position:47% 69%\" data-object-fit=\"cover\" data-object-position=\"47% 69%\" srcset=\"https:\/\/losvr.ch\/wp-content\/uploads\/2020\/05\/SCHNEE.jpg 1920w, https:\/\/losvr.ch\/wp-content\/uploads\/2020\/05\/SCHNEE-300x169.jpg 300w, https:\/\/losvr.ch\/wp-content\/uploads\/2020\/05\/SCHNEE-1024x576.jpg 1024w, https:\/\/losvr.ch\/wp-content\/uploads\/2020\/05\/SCHNEE-768x432.jpg 768w, https:\/\/losvr.ch\/wp-content\/uploads\/2020\/05\/SCHNEE-1536x864.jpg 1536w\" sizes=\"auto, (max-width: 980px) 100vw, 980px\"><div class=\"wp-block-cover__inner-container is-layout-flow wp-block-cover-is-layout-flow\">\n<p class=\"has-text-align-center has-large-font-size\"><\/p>\n<\/div><\/div>\n\n\n\n<div style=\"height:20px\" aria-hidden=\"true\" class=\"wp-block-spacer\"><\/div>\n\n\n\n<p style=\"font-size:18px\"><em>\u00abDie Schnee\u00adh\u00f6he nimmt jet\u00adzt zu, die Augen bren\u00adnen, aber ans Umkehren denkt Thaler nicht.\u00bb<\/em><\/p>\n\n\n\n\n\n<div class=\"wp-block-cover alignwide is-light\" style=\"min-height:430px;aspect-ratio:unset;\"><span aria-hidden=\"true\" class=\"has-background-dim-0 wp-block-cover__gradient-background has-background-dim\"><\/span><img loading=\"lazy\" decoding=\"async\" width=\"1920\" height=\"1080\" class=\"wp-block-cover__image-background wp-image-787\" src=\"http:\/\/losvr.ch\/wp-content\/uploads\/2020\/05\/UNTERWASSER.jpg\" style=\"object-position:50% 67%\" data-object-fit=\"cover\" data-object-position=\"50% 67%\" srcset=\"https:\/\/losvr.ch\/wp-content\/uploads\/2020\/05\/UNTERWASSER.jpg 1920w, https:\/\/losvr.ch\/wp-content\/uploads\/2020\/05\/UNTERWASSER-300x169.jpg 300w, https:\/\/losvr.ch\/wp-content\/uploads\/2020\/05\/UNTERWASSER-1024x576.jpg 1024w, https:\/\/losvr.ch\/wp-content\/uploads\/2020\/05\/UNTERWASSER-768x432.jpg 768w, https:\/\/losvr.ch\/wp-content\/uploads\/2020\/05\/UNTERWASSER-1536x864.jpg 1536w\" sizes=\"auto, (max-width: 980px) 100vw, 980px\"><div class=\"wp-block-cover__inner-container is-layout-flow wp-block-cover-is-layout-flow\">\n<p class=\"has-text-align-center has-large-font-size\"><\/p>\n<\/div><\/div>\n\n\n\n<div style=\"height:20px\" aria-hidden=\"true\" class=\"wp-block-spacer\"><\/div>\n\n\n\n<p style=\"font-size:18px\"><em>\u00abAuf allen Schul\u00adreisen war er augen\u00adblick\u00adlich vom Heimweh nach san\u00adfteren T\u00f6nen befall\u00aden wor\u00adden.\u00bb<\/em><\/p>","protected":false},"excerpt":{"rendered":"<p>\u00abLOS\u00bb ist eine Symbiose von Literatur und Virtual Reality, eine Lesereise der anderen Art, eine Klaus Merz Lesung in virtueller Anwesenheit. Dabei entsteht \u00fcber die ineinander verwobene Wahrnehmung von Text und Raum eine g\u00e4nzlich neue literarische Erfahrung, in der die Teilnehmerinnen viel mehr als zu Augenzeugen eines H\u00f6rbuchs werden. Klaus Merz liest seine Erz\u00e4hlung \u00abLos\u00bb, [&hellip;]<\/p>\n","protected":false},"author":3,"featured_media":0,"parent":0,"menu_order":0,"comment_status":"closed","ping_status":"closed","template":"","meta":{"wp_typography_post_enhancements_disabled":false,"footnotes":""},"class_list":["post-453","page","type-page","status-publish","hentry"],"_links":{"self":[{"href":"https:\/\/losvr.ch\/en\/wp-json\/wp\/v2\/pages\/453","targetHints":{"allow":["GET"]}}],"collection":[{"href":"https:\/\/losvr.ch\/en\/wp-json\/wp\/v2\/pages"}],"about":[{"href":"https:\/\/losvr.ch\/en\/wp-json\/wp\/v2\/types\/page"}],"author":[{"embeddable":true,"href":"https:\/\/losvr.ch\/en\/wp-json\/wp\/v2\/users\/3"}],"replies":[{"embeddable":true,"href":"https:\/\/losvr.ch\/en\/wp-json\/wp\/v2\/comments?post=453"}],"version-history":[{"count":0,"href":"https:\/\/losvr.ch\/en\/wp-json\/wp\/v2\/pages\/453\/revisions"}],"wp:attachment":[{"href":"https:\/\/losvr.ch\/en\/wp-json\/wp\/v2\/media?parent=453"}],"curies":[{"name":"wp","href":"https:\/\/api.w.org\/{rel}","templated":true}]}}